{"id":10050,"date":"2019-03-28T14:07:18","date_gmt":"2019-03-28T14:07:18","guid":{"rendered":"https:\/\/experiencescanada.ca\/histoires-de-jeunes\/"},"modified":"2025-04-23T13:00:09","modified_gmt":"2025-04-23T17:00:09","slug":"histoires-de-jeunes","status":"publish","type":"page","link":"https:\/\/experiencescanada.ca\/fr\/histoires-de-jeunes\/","title":{"rendered":"Histoires de jeunes"},"content":{"rendered":"<p>[et_pb_section bb_built=\u00a0\u00bb1&Prime; module_class=\u00a0\u00bbddd_about_us_boxes\u00a0\u00bb _builder_version=\u00a0\u00bb3.21.1&Prime; background_image=\u00a0\u00bbhttps:\/\/experiencescanada.ca\/wp-content\/uploads\/2019\/02\/ExperiencesCanada_Swirl_Pattern_White-01.png\u00a0\u00bb custom_padding=\u00a0\u00bb0px|0px||0px\u00a0\u00bb top_divider_color=\u00a0\u00bb#ffffff\u00a0\u00bb top_divider_height=\u00a0\u00bb175px\u00a0\u00bb bottom_divider_color=\u00a0\u00bb#ffffff\u00a0\u00bb bottom_divider_height=\u00a0\u00bb175px\u00a0\u00bb custom_css_before=\u00a0\u00bb    content: %22%22;||    display: block;||    background-color: #000;||    position: absolute;||    top: 0;||    left: 0;||    width: 100%;||    height: 100%;||    opacity: 0.7;\u00a0\u00bb background_color=\u00a0\u00bb#eb0029&Prime; background_size=\u00a0\u00bbcontain\u00a0\u00bb background_repeat=\u00a0\u00bbrepeat\u00a0\u00bb next_background_color=\u00a0\u00bb#ffffff\u00a0\u00bb z_index_tablet=\u00a0\u00bb500&Prime; inner_width=\u00a0\u00bbauto\u00a0\u00bb inner_max_width=\u00a0\u00bb1080px\u00a0\u00bb][et_pb_row use_custom_width=\u00a0\u00bbon\u00a0\u00bb custom_width_px=\u00a0\u00bb1175px\u00a0\u00bb use_custom_gutter=\u00a0\u00bbon\u00a0\u00bb gutter_width=\u00a0\u00bb1&Prime; _builder_version=\u00a0\u00bb3.19.14&Prime; width=\u00a0\u00bb80%\u00a0\u00bb max_width=\u00a0\u00bb1175px\u00a0\u00bb][et_pb_column type=\u00a0\u00bb4_4&Prime; custom_padding_tablet=\u00a0\u00bb0px|||\u00a0\u00bb custom_padding_last_edited=\u00a0\u00bbon|desktop\u00a0\u00bb custom_padding__hover=\u00a0\u00bb|||\u00a0\u00bb custom_padding=\u00a0\u00bb6.2%|||\u00a0\u00bb][et_pb_text admin_label=\u00a0\u00bbStaff header\u00a0\u00bb _builder_version=\u00a0\u00bb3.21.1&Prime; text_font=\u00a0\u00bbPopulaire||||||||\u00a0\u00bb text_text_color=\u00a0\u00bb#ffffff\u00a0\u00bb text_font_size=\u00a0\u00bb60&Prime; text_font_size_phone=\u00a0\u00bb30&Prime; text_font_size_last_edited=\u00a0\u00bbon|desktop\u00a0\u00bb text_letter_spacing=\u00a0\u00bb-0.03px\u00a0\u00bb text_line_height=\u00a0\u00bb48px\u00a0\u00bb text_line_height_tablet=\u00a0\u00bb130%\u00a0\u00bb text_line_height_last_edited=\u00a0\u00bbon|tablet\u00a0\u00bb background_layout=\u00a0\u00bbdark\u00a0\u00bb max_width_last_edited=\u00a0\u00bbon|desktop\u00a0\u00bb header_font_size=\u00a0\u00bb61px\u00a0\u00bb header_2_font_size=\u00a0\u00bb60&Prime; z_index_tablet=\u00a0\u00bb500&Prime; text_orientation=\u00a0\u00bbleft\u00a0\u00bb open_use_icon_font_size=\u00a0\u00bbon\u00a0\u00bb open_icon_font_size=\u00a0\u00bb27px\u00a0\u00bb]<\/p>\n<p>Histoires de jeunes<\/p>\n<p>[\/et_pb_text][et_pb_divider admin_label=\u00a0\u00bbColored Divider\u00a0\u00bb color=\u00a0\u00bb#e02b20&Prime; divider_position=\u00a0\u00bbcenter\u00a0\u00bb divider_weight=\u00a0\u00bb3&Prime; height=\u00a0\u00bb0px\u00a0\u00bb _builder_version=\u00a0\u00bb3.19.18&Prime; max_width=\u00a0\u00bb50px\u00a0\u00bb locked=\u00a0\u00bboff\u00a0\u00bb \/][\/et_pb_column][\/et_pb_row][\/et_pb_section][et_pb_section bb_built=\u00a0\u00bb1&Prime; specialty=\u00a0\u00bboff\u00a0\u00bb prev_background_color=\u00a0\u00bb#eb0029&Prime; _builder_version=\u00a0\u00bb4.21.0&Prime; background_image=\u00a0\u00bbhttps:\/\/experiencescanada.ca\/wp-content\/uploads\/2019\/02\/shapes-bg-color.png\u00a0\u00bb z_index_tablet=\u00a0\u00bb500&Prime; background_size=\u00a0\u00bbinitial\u00a0\u00bb background_repeat=\u00a0\u00bbrepeat\u00a0\u00bb background_pattern_color=\u00a0\u00bbrgba(0,0,0,0.2)\u00a0\u00bb background_mask_color=\u00a0\u00bb#ffffff\u00a0\u00bb box_shadow_horizontal_tablet=\u00a0\u00bb0px\u00a0\u00bb box_shadow_vertical_tablet=\u00a0\u00bb0px\u00a0\u00bb box_shadow_blur_tablet=\u00a0\u00bb40px\u00a0\u00bb box_shadow_spread_tablet=\u00a0\u00bb0px\u00a0\u00bb vertical_offset_tablet=\u00a0\u00bb0&Prime; horizontal_offset_tablet=\u00a0\u00bb0&Prime;][et_pb_row][et_pb_column type=\u00a0\u00bb4_4&Prime; custom_padding_tablet=\u00a0\u00bb0px|||\u00a0\u00bb custom_padding_last_edited=\u00a0\u00bbon|desktop\u00a0\u00bb custom_padding__hover=\u00a0\u00bb|||\u00a0\u00bb custom_padding=\u00a0\u00bb|||\u00a0\u00bb]<\/p>\n<p>[et_pb_blog _builder_version=\u00a0\u00bb4.20.0&Prime; show_author=\u00a0\u00bboff\u00a0\u00bb show_categories=\u00a0\u00bboff\u00a0\u00bb show_pagination=\u00a0\u00bboff\u00a0\u00bb z_index_tablet=\u00a0\u00bb500&Prime; fullwidth=\u00a0\u00bboff\u00a0\u00bb show_more=\u00a0\u00bbon\u00a0\u00bb posts_number=\u00a0\u00bb50&Prime; box_shadow_horizontal_image_tablet=\u00a0\u00bb0px\u00a0\u00bb box_shadow_vertical_image_tablet=\u00a0\u00bb0px\u00a0\u00bb box_shadow_blur_image_tablet=\u00a0\u00bb40px\u00a0\u00bb box_shadow_spread_image_tablet=\u00a0\u00bb0px\u00a0\u00bb text_shadow_horizontal_length=\u00a0\u00bbtext_shadow_style,%91object Object%93&Prime; text_shadow_horizontal_length_tablet=\u00a0\u00bb0px\u00a0\u00bb text_shadow_vertical_length=\u00a0\u00bbtext_shadow_style,%91object Object%93&Prime; text_shadow_vertical_length_tablet=\u00a0\u00bb0px\u00a0\u00bb text_shadow_blur_strength=\u00a0\u00bbtext_shadow_style,%91object Object%93&Prime; text_shadow_blur_strength_tablet=\u00a0\u00bb1px\u00a0\u00bb header_text_shadow_horizontal_length=\u00a0\u00bbheader_text_shadow_style,%91object Object%93&Prime; header_text_shadow_horizontal_length_tablet=\u00a0\u00bb0px\u00a0\u00bb header_text_shadow_vertical_length=\u00a0\u00bbheader_text_shadow_style,%91object Object%93&Prime; header_text_shadow_vertical_length_tablet=\u00a0\u00bb0px\u00a0\u00bb header_text_shadow_blur_strength=\u00a0\u00bbheader_text_shadow_style,%91object Object%93&Prime; header_text_shadow_blur_strength_tablet=\u00a0\u00bb1px\u00a0\u00bb body_text_shadow_horizontal_length=\u00a0\u00bbbody_text_shadow_style,%91object Object%93&Prime; body_text_shadow_horizontal_length_tablet=\u00a0\u00bb0px\u00a0\u00bb body_text_shadow_vertical_length=\u00a0\u00bbbody_text_shadow_style,%91object Object%93&Prime; body_text_shadow_vertical_length_tablet=\u00a0\u00bb0px\u00a0\u00bb body_text_shadow_blur_strength=\u00a0\u00bbbody_text_shadow_style,%91object Object%93&Prime; body_text_shadow_blur_strength_tablet=\u00a0\u00bb1px\u00a0\u00bb body_link_text_shadow_horizontal_length=\u00a0\u00bbbody_link_text_shadow_style,%91object Object%93&Prime; body_link_text_shadow_horizontal_length_tablet=\u00a0\u00bb0px\u00a0\u00bb body_link_text_shadow_vertical_length=\u00a0\u00bbbody_link_text_shadow_style,%91object Object%93&Prime; body_link_text_shadow_vertical_length_tablet=\u00a0\u00bb0px\u00a0\u00bb body_link_text_shadow_blur_strength=\u00a0\u00bbbody_link_text_shadow_style,%91object Object%93&Prime; body_link_text_shadow_blur_strength_tablet=\u00a0\u00bb1px\u00a0\u00bb body_ul_text_shadow_horizontal_length=\u00a0\u00bbbody_ul_text_shadow_style,%91object Object%93&Prime; body_ul_text_shadow_horizontal_length_tablet=\u00a0\u00bb0px\u00a0\u00bb body_ul_text_shadow_vertical_length=\u00a0\u00bbbody_ul_text_shadow_style,%91object Object%93&Prime; body_ul_text_shadow_vertical_length_tablet=\u00a0\u00bb0px\u00a0\u00bb body_ul_text_shadow_blur_strength=\u00a0\u00bbbody_ul_text_shadow_style,%91object Object%93&Prime; body_ul_text_shadow_blur_strength_tablet=\u00a0\u00bb1px\u00a0\u00bb body_ol_text_shadow_horizontal_length=\u00a0\u00bbbody_ol_text_shadow_style,%91object Object%93&Prime; body_ol_text_shadow_horizontal_length_tablet=\u00a0\u00bb0px\u00a0\u00bb body_ol_text_shadow_vertical_length=\u00a0\u00bbbody_ol_text_shadow_style,%91object Object%93&Prime; body_ol_text_shadow_vertical_length_tablet=\u00a0\u00bb0px\u00a0\u00bb body_ol_text_shadow_blur_strength=\u00a0\u00bbbody_ol_text_shadow_style,%91object Object%93&Prime; body_ol_text_shadow_blur_strength_tablet=\u00a0\u00bb1px\u00a0\u00bb body_quote_text_shadow_horizontal_length=\u00a0\u00bbbody_quote_text_shadow_style,%91object Object%93&Prime; body_quote_text_shadow_horizontal_length_tablet=\u00a0\u00bb0px\u00a0\u00bb body_quote_text_shadow_vertical_length=\u00a0\u00bbbody_quote_text_shadow_style,%91object Object%93&Prime; body_quote_text_shadow_vertical_length_tablet=\u00a0\u00bb0px\u00a0\u00bb body_quote_text_shadow_blur_strength=\u00a0\u00bbbody_quote_text_shadow_style,%91object Object%93&Prime; body_quote_text_shadow_blur_strength_tablet=\u00a0\u00bb1px\u00a0\u00bb meta_text_shadow_horizontal_length=\u00a0\u00bbmeta_text_shadow_style,%91object Object%93&Prime; meta_text_shadow_horizontal_length_tablet=\u00a0\u00bb0px\u00a0\u00bb meta_text_shadow_vertical_length=\u00a0\u00bbmeta_text_shadow_style,%91object Object%93&Prime; meta_text_shadow_vertical_length_tablet=\u00a0\u00bb0px\u00a0\u00bb meta_text_shadow_blur_strength=\u00a0\u00bbmeta_text_shadow_style,%91object Object%93&Prime; meta_text_shadow_blur_strength_tablet=\u00a0\u00bb1px\u00a0\u00bb read_more_text_shadow_horizontal_length=\u00a0\u00bbread_more_text_shadow_style,%91object Object%93&Prime; read_more_text_shadow_horizontal_length_tablet=\u00a0\u00bb0px\u00a0\u00bb read_more_text_shadow_vertical_length=\u00a0\u00bbread_more_text_shadow_style,%91object Object%93&Prime; read_more_text_shadow_vertical_length_tablet=\u00a0\u00bb0px\u00a0\u00bb read_more_text_shadow_blur_strength=\u00a0\u00bbread_more_text_shadow_style,%91object Object%93&Prime; read_more_text_shadow_blur_strength_tablet=\u00a0\u00bb1px\u00a0\u00bb pagination_text_shadow_horizontal_length=\u00a0\u00bbpagination_text_shadow_style,%91object Object%93&Prime; pagination_text_shadow_horizontal_length_tablet=\u00a0\u00bb0px\u00a0\u00bb pagination_text_shadow_vertical_length=\u00a0\u00bbpagination_text_shadow_style,%91object Object%93&Prime; pagination_text_shadow_vertical_length_tablet=\u00a0\u00bb0px\u00a0\u00bb pagination_text_shadow_blur_strength=\u00a0\u00bbpagination_text_shadow_style,%91object Object%93&Prime; pagination_text_shadow_blur_strength_tablet=\u00a0\u00bb1px\u00a0\u00bb box_shadow_horizontal_tablet=\u00a0\u00bb0px\u00a0\u00bb box_shadow_vertical_tablet=\u00a0\u00bb0px\u00a0\u00bb box_shadow_blur_tablet=\u00a0\u00bb40px\u00a0\u00bb box_shadow_spread_tablet=\u00a0\u00bb0px\u00a0\u00bb vertical_offset_tablet=\u00a0\u00bb0&Prime; horizontal_offset_tablet=\u00a0\u00bb0&Prime; include_categories=\u00a0\u00bb67,79&Prime; background_pattern_color=\u00a0\u00bbrgba(0,0,0,0.2)\u00a0\u00bb background_mask_color=\u00a0\u00bb#ffffff\u00a0\u00bb \/]<\/p>\n<p>[\/et_pb_column][\/et_pb_row][\/et_pb_section]<\/p>\n","protected":false},"excerpt":{"rendered":"<p>Histoires de jeunes <div class=\"et_pb_row et_pb_row_0 et_pb_row_empty\">\n\t\t\t\t\n\t\t\t\t\n\t\t\t\t\n\t\t\t\t\n\t\t\t\t\n\t\t\t<\/div><\/p>\n","protected":false},"author":39,"featured_media":0,"parent":8461,"menu_order":0,"comment_status":"closed","ping_status":"closed","template":"","meta":{"_et_pb_use_builder":"on","_et_pb_old_content":"","_et_gb_content_width":"","footnotes":""},"class_list":["post-10050","page","type-page","status-publish","hentry"],"yoast_head":"<!-- This site is optimized with the Yoast SEO plugin v27.4 - https:\/\/yoast.com\/product\/yoast-seo-wordpress\/ -->\n<title>Histoires de jeunes - Experiences Canada<\/title>\n<meta name=\"description\" content=\"Lisez les histoires inspirantes des participants au programme d&#039;\u00e9change jeunesse d&#039;Exp\u00e9riences Canada et restez au courant de la fa\u00e7on dont nous d\u00e9veloppons notre programme !\" \/>\n<meta name=\"robots\" content=\"index, follow, max-snippet:-1, max-image-preview:large, max-video-preview:-1\" \/>\n<link rel=\"canonical\" href=\"https:\/\/experiencescanada.ca\/fr\/histoires-de-jeunes\/\" \/>\n<meta property=\"og:locale\" content=\"fr_FR\" \/>\n<meta property=\"og:type\" content=\"article\" \/>\n<meta property=\"og:title\" content=\"Histoires de jeunes - Experiences Canada\" \/>\n<meta property=\"og:description\" content=\"Lisez les histoires inspirantes des participants au programme d&#039;\u00e9change jeunesse d&#039;Exp\u00e9riences Canada et restez au courant de la fa\u00e7on dont nous d\u00e9veloppons notre programme !\" \/>\n<meta property=\"og:url\" content=\"https:\/\/experiencescanada.ca\/fr\/histoires-de-jeunes\/\" \/>\n<meta property=\"og:site_name\" content=\"Experiences Canada\" \/>\n<meta property=\"article:publisher\" content=\"https:\/\/www.facebook.com\/experiences.canada\/\" \/>\n<meta property=\"article:modified_time\" content=\"2025-04-23T17:00:09+00:00\" \/>\n<meta name=\"twitter:card\" content=\"summary_large_image\" \/>\n<meta name=\"twitter:site\" content=\"@experiencescan\" \/>\n<meta name=\"twitter:label1\" content=\"Dur\u00e9e de lecture estim\u00e9e\" \/>\n\t<meta name=\"twitter:data1\" content=\"19 minutes\" \/>\n<script type=\"application\/ld+json\" class=\"yoast-schema-graph\">{\"@context\":\"https:\\\/\\\/schema.org\",\"@graph\":[{\"@type\":\"WebPage\",\"@id\":\"https:\\\/\\\/experiencescanada.ca\\\/fr\\\/histoires-de-jeunes\\\/\",\"url\":\"https:\\\/\\\/experiencescanada.ca\\\/fr\\\/histoires-de-jeunes\\\/\",\"name\":\"Histoires de jeunes - Experiences Canada\",\"isPartOf\":{\"@id\":\"https:\\\/\\\/experiencescanada.ca\\\/#website\"},\"datePublished\":\"2019-03-28T14:07:18+00:00\",\"dateModified\":\"2025-04-23T17:00:09+00:00\",\"description\":\"Lisez les histoires inspirantes des participants au programme d'\u00e9change jeunesse d'Exp\u00e9riences Canada et restez au courant de la fa\u00e7on dont nous d\u00e9veloppons notre programme !\",\"breadcrumb\":{\"@id\":\"https:\\\/\\\/experiencescanada.ca\\\/fr\\\/histoires-de-jeunes\\\/#breadcrumb\"},\"inLanguage\":\"fr-FR\",\"potentialAction\":[{\"@type\":\"ReadAction\",\"target\":[\"https:\\\/\\\/experiencescanada.ca\\\/fr\\\/histoires-de-jeunes\\\/\"]}]},{\"@type\":\"BreadcrumbList\",\"@id\":\"https:\\\/\\\/experiencescanada.ca\\\/fr\\\/histoires-de-jeunes\\\/#breadcrumb\",\"itemListElement\":[{\"@type\":\"ListItem\",\"position\":1,\"name\":\"Home\",\"item\":\"https:\\\/\\\/experiencescanada.ca\\\/fr\\\/\"},{\"@type\":\"ListItem\",\"position\":2,\"name\":\"Jeunes\",\"item\":\"https:\\\/\\\/experiencescanada.ca\\\/fr\\\/jeunes\\\/\"},{\"@type\":\"ListItem\",\"position\":3,\"name\":\"Histoires de jeunes\"}]},{\"@type\":\"WebSite\",\"@id\":\"https:\\\/\\\/experiencescanada.ca\\\/#website\",\"url\":\"https:\\\/\\\/experiencescanada.ca\\\/\",\"name\":\"Experiences Canada\",\"description\":\"See More, Be More\",\"potentialAction\":[{\"@type\":\"SearchAction\",\"target\":{\"@type\":\"EntryPoint\",\"urlTemplate\":\"https:\\\/\\\/experiencescanada.ca\\\/?s={search_term_string}\"},\"query-input\":{\"@type\":\"PropertyValueSpecification\",\"valueRequired\":true,\"valueName\":\"search_term_string\"}}],\"inLanguage\":\"fr-FR\"}]}<\/script>\n<!-- \/ Yoast SEO plugin. -->","yoast_head_json":{"title":"Histoires de jeunes - Experiences Canada","description":"Lisez les histoires inspirantes des participants au programme d'\u00e9change jeunesse d'Exp\u00e9riences Canada et restez au courant de la fa\u00e7on dont nous d\u00e9veloppons notre programme !","robots":{"index":"index","follow":"follow","max-snippet":"max-snippet:-1","max-image-preview":"max-image-preview:large","max-video-preview":"max-video-preview:-1"},"canonical":"https:\/\/experiencescanada.ca\/fr\/histoires-de-jeunes\/","og_locale":"fr_FR","og_type":"article","og_title":"Histoires de jeunes - Experiences Canada","og_description":"Lisez les histoires inspirantes des participants au programme d'\u00e9change jeunesse d'Exp\u00e9riences Canada et restez au courant de la fa\u00e7on dont nous d\u00e9veloppons notre programme !","og_url":"https:\/\/experiencescanada.ca\/fr\/histoires-de-jeunes\/","og_site_name":"Experiences Canada","article_publisher":"https:\/\/www.facebook.com\/experiences.canada\/","article_modified_time":"2025-04-23T17:00:09+00:00","twitter_card":"summary_large_image","twitter_site":"@experiencescan","twitter_misc":{"Dur\u00e9e de lecture estim\u00e9e":"19 minutes"},"schema":{"@context":"https:\/\/schema.org","@graph":[{"@type":"WebPage","@id":"https:\/\/experiencescanada.ca\/fr\/histoires-de-jeunes\/","url":"https:\/\/experiencescanada.ca\/fr\/histoires-de-jeunes\/","name":"Histoires de jeunes - Experiences Canada","isPartOf":{"@id":"https:\/\/experiencescanada.ca\/#website"},"datePublished":"2019-03-28T14:07:18+00:00","dateModified":"2025-04-23T17:00:09+00:00","description":"Lisez les histoires inspirantes des participants au programme d'\u00e9change jeunesse d'Exp\u00e9riences Canada et restez au courant de la fa\u00e7on dont nous d\u00e9veloppons notre programme !","breadcrumb":{"@id":"https:\/\/experiencescanada.ca\/fr\/histoires-de-jeunes\/#breadcrumb"},"inLanguage":"fr-FR","potentialAction":[{"@type":"ReadAction","target":["https:\/\/experiencescanada.ca\/fr\/histoires-de-jeunes\/"]}]},{"@type":"BreadcrumbList","@id":"https:\/\/experiencescanada.ca\/fr\/histoires-de-jeunes\/#breadcrumb","itemListElement":[{"@type":"ListItem","position":1,"name":"Home","item":"https:\/\/experiencescanada.ca\/fr\/"},{"@type":"ListItem","position":2,"name":"Jeunes","item":"https:\/\/experiencescanada.ca\/fr\/jeunes\/"},{"@type":"ListItem","position":3,"name":"Histoires de jeunes"}]},{"@type":"WebSite","@id":"https:\/\/experiencescanada.ca\/#website","url":"https:\/\/experiencescanada.ca\/","name":"Experiences Canada","description":"See More, Be More","potentialAction":[{"@type":"SearchAction","target":{"@type":"EntryPoint","urlTemplate":"https:\/\/experiencescanada.ca\/?s={search_term_string}"},"query-input":{"@type":"PropertyValueSpecification","valueRequired":true,"valueName":"search_term_string"}}],"inLanguage":"fr-FR"}]}},"_links":{"self":[{"href":"https:\/\/experiencescanada.ca\/fr\/wp-json\/wp\/v2\/pages\/10050","targetHints":{"allow":["GET"]}}],"collection":[{"href":"https:\/\/experiencescanada.ca\/fr\/wp-json\/wp\/v2\/pages"}],"about":[{"href":"https:\/\/experiencescanada.ca\/fr\/wp-json\/wp\/v2\/types\/page"}],"author":[{"embeddable":true,"href":"https:\/\/experiencescanada.ca\/fr\/wp-json\/wp\/v2\/users\/39"}],"replies":[{"embeddable":true,"href":"https:\/\/experiencescanada.ca\/fr\/wp-json\/wp\/v2\/comments?post=10050"}],"version-history":[{"count":0,"href":"https:\/\/experiencescanada.ca\/fr\/wp-json\/wp\/v2\/pages\/10050\/revisions"}],"up":[{"embeddable":true,"href":"https:\/\/experiencescanada.ca\/fr\/wp-json\/wp\/v2\/pages\/8461"}],"wp:attachment":[{"href":"https:\/\/experiencescanada.ca\/fr\/wp-json\/wp\/v2\/media?parent=10050"}],"curies":[{"name":"wp","href":"https:\/\/api.w.org\/{rel}","templated":true}]}}